{"id":9636,"date":"2022-12-19T13:09:18","date_gmt":"2022-12-19T12:09:18","guid":{"rendered":"https:\/\/cookinglovers.teka.com\/?page_id=9636"},"modified":"2022-12-30T23:29:29","modified_gmt":"2022-12-30T22:29:29","slug":"politica-de-cookies","status":"publish","type":"page","link":"https:\/\/cookinglovers.teka.com\/pt-pt\/politica-de-cookies\/","title":{"rendered":"POL\u00cdTICA DE COOKIES"},"content":{"rendered":"\n<p>Esta Pol\u00edtica de Cookies faz parte integrante do Aviso Legal e da Pol\u00edtica de Privacidade da p\u00e1gina Web (doravante, \u201cS\u00edtio Web\u201d) dispon\u00edvel no s\u00edtio Web alojado no endere\u00e7o de Internet&nbsp;<a href=\"https:\/\/www.teka.com\/pt-pt\/\">https:\/\/www.teka.com\/pt-pt\/<\/a>&nbsp;e na aplica\u00e7\u00e3o para dispositivos m\u00f3veis.<\/p>\n\n\n\n<p>Para facilitar a sua navega\u00e7\u00e3o na Plataforma, a TEKA INDUSTRIAL, S.A. (doravante, \u201c<strong>TEKA<\/strong>\u201c), titular do NIPC espanhol: A39004932, com sede social em Calle Cajo 17, 39011 Santander, informa que utiliza dispositivos de armazenamento e recupera\u00e7\u00e3o de dados: cookies, pixels publicit\u00e1rios ou tecnologias com funcionalidades semelhantes (doravante, \u201c<strong>Cookies<\/strong>\u201c).<\/p>\n\n\n\n<p>Em qualquer caso, informamos que o prestador dos servi\u00e7os \u00e9 o respons\u00e1vel pelos Cookies e pelo tratamento dos dados obtidos atrav\u00e9s de Cookies pr\u00f3prios e de terceiros, o qual decide sobre a finalidade, conte\u00fado e utiliza\u00e7\u00e3o do tratamento da informa\u00e7\u00e3o recolhida.<\/p>\n\n\n\n<h3 class=\"wp-block-heading\"><strong><em>1.<\/em>&nbsp;O que \u00e9 um Cookie?<\/strong><\/h3>\n\n\n\n<p>Os Cookies s\u00e3o ficheiros que cont\u00eam pequenas quantidades de informa\u00e7\u00e3o que se descarregam no dispositivo do utilizador sempre que este visita um s\u00edtio Web.<\/p>\n\n\n\n<p>Os cookies s\u00e3o essenciais para o funcionamento da Internet; n\u00e3o causam danos no computador\/dispositivo do utilizador e, se estiverem ativados nas defini\u00e7\u00f5es do seu navegador, ajudam a identificar e a resolver poss\u00edveis falhas da Plataforma. Os cookies t\u00eam v\u00e1rias finalidades, como, por exemplo, permitir-lhe navegar eficientemente entre p\u00e1ginas, guardar as suas prefer\u00eancias e, em geral, melhorar a sua experi\u00eancia de utilizador. Tamb\u00e9m ajudam a garantir que os an\u00fancios exibidos online s\u00e3o os mais relevantes para si e para os seus interesses.<\/p>\n\n\n\n<h3 class=\"wp-block-heading\"><strong><em>2.<\/em>&nbsp;Utiliza\u00e7\u00e3o dos cookies por parte do prestador de servi\u00e7os<\/strong><\/h3>\n\n\n\n<p>Ao aceitar o aviso de Cookies, que surge no in\u00edcio da navega\u00e7\u00e3o na Plataforma ou atrav\u00e9s da configura\u00e7\u00e3o dos Cookies, est\u00e1 a aceitar a utiliza\u00e7\u00e3o de Cookies nos seus dispositivos. Se desativar os Cookies, algumas das utilidades dispon\u00edveis na Plataforma podem deixar de funcionar corretamente.<\/p>\n\n\n\n<p>Nomeadamente, o prestador de servi\u00e7os est\u00e1 a utilizar Cookies para os fins expostos a seguir. Se no futuro o prestador utilizar outros Cookies com o objetivo de proporcionar mais e melhores servi\u00e7os, o utilizador ser\u00e1 devidamente informado.<\/p>\n\n\n\n<h3 class=\"wp-block-heading\"><strong><em>3.<\/em>&nbsp;Quando \u00e9 que N\u00c3O se utilizam cookies neste S\u00edtio Web?<\/strong><\/h3>\n\n\n\n<p>A TEKA INDUSTRIAL, S.A. n\u00e3o utiliza&nbsp;<em>cookies<\/em>&nbsp;para armazenar e recuperar dados sens\u00edveis de identifica\u00e7\u00e3o pessoal dos utilizadores.<\/p>\n\n\n\n<h3 class=\"wp-block-heading\"><strong><em>4.<\/em>&nbsp;Cookies t\u00e9cnicos<\/strong><\/h3>\n\n\n\n<p>Os Cookies t\u00e9cnicos s\u00e3o essenciais para que possa navegar na Plataforma e utilizar as suas fun\u00e7\u00f5es. Em geral, estes Cookies permitem aceder \u00e0s diferentes fun\u00e7\u00f5es da Plataforma, tornam a sua navega\u00e7\u00e3o mais segura ou fornecem funcionalidades que s\u00e3o previamente solicitadas por si. Uma vez que s\u00e3o necess\u00e1rios para o funcionamento do S\u00edtio, estes Cookies ser\u00e3o ativados por defeito e n\u00e3o podem ser rejeitados.<\/p>\n\n\n\n<p>A TEKA pode utilizar Cookies necess\u00e1rios para guardar a sua sele\u00e7\u00e3o de Cookies no nosso configurador, estabilizar a sua navega\u00e7\u00e3o ou torn\u00e1-la mais segura.<\/p>\n\n\n\n<h3 class=\"wp-block-heading\"><strong><em>5.<\/em>&nbsp;Que cookies concretos utiliza este S\u00edtio Web e com que fim?<\/strong><\/h3>\n\n\n\n<figure class=\"wp-block-table\"><table><tbody><tr><td><strong>Cookies t\u00e9cnicos<\/strong><\/td><td><strong>Finalidade<\/strong><\/td><td><strong>Fornecedor<\/strong><\/td><td><strong>Caducidade<\/strong><\/td><\/tr><tr><td>OptanonConsent<\/td><td>Este Cookie \u00e9 utilizado para determinar se o visitante assinalou a op\u00e7\u00e3o de consentimento do cookie. Isto garante que a op\u00e7\u00e3o de consentimento do cookie n\u00e3o voltar\u00e1 a aparecer sempre que aceder novamente ao S\u00edtio Web.<\/td><td>TEKA<\/td><td>1 ano<\/td><\/tr><tr><td>PHPSESSID<\/td><td>Este cookie conserva os estados dos utilizadores em todos os pedidos da p\u00e1gina.<\/td><td>TEKA<\/td><td>Sess\u00e3o<\/td><\/tr><tr><td>OptanonAlertBoxClosed<\/td><td>Este cookie identifica o fecho da janela do banner de cookies e guarda as prefer\u00eancias de defini\u00e7\u00e3o de cookies dos utilizadores.<\/td><td>TEKA<\/td><td>1 a\u00f1o<\/td><\/tr><tr><td>Smartassistant-cid<\/td><td>Este cookie identifica um novo utilizador que tenha interagido com o assistente virtual.<\/td><td>Zoovu<\/td><td>14 meses<\/td><\/tr><\/tbody><\/table><\/figure>\n\n\n\n<h3 class=\"wp-block-heading\"><strong><em>6.<\/em> Cookies anal\u00edticos<\/strong><\/h3>\n\n\n\n<p>Estes Cookies permitem acompanhar e analisar o comportamento dos utilizadores, incluindo a quantifica\u00e7\u00e3o dos impactos dos an\u00fancios publicit\u00e1rios. A informa\u00e7\u00e3o recolhida atrav\u00e9s deste tipo de Cookies \u00e9 utilizada para medir a atividade da Plataforma, com a finalidade de implementar melhorias baseadas na an\u00e1lise dos dados relativos \u00e0 utiliza\u00e7\u00e3o efetuada pelos utilizadores do servi\u00e7o.<\/p>\n\n\n\n<p>Pode aceitar ou rejeitar a instala\u00e7\u00e3o destes Cookies.<\/p>\n\n\n\n<figure class=\"wp-block-table\"><table><tbody><tr><td><strong>Cookies anal\u00edticos<\/strong><\/td><td><strong>Finalidade<\/strong><\/td><td><strong>Fornecedor<\/strong><\/td><td><strong>Caducidade<\/strong><\/td><\/tr><tr><td>_gid<\/td><td>O Google Analytics \u00e9 uma ferramenta de an\u00e1lise web que utiliza informa\u00e7\u00e3o dos Cookies para analisar o n\u00famero de visitantes e visitas na Plataforma, a dura\u00e7\u00e3o m\u00e9dia da visita, o n\u00famero m\u00e9dio de p\u00e1ginas vistas por cada utilizador, relat\u00f3rios geogr\u00e1ficos e sociodemogr\u00e1ficos (em fun\u00e7\u00e3o da l\u00edngua, localiza\u00e7\u00e3o, fornecedor de Internet, dispositivo m\u00f3vel\u2026).<\/td><td>Google Analytics<\/td><td>2 anos<\/td><\/tr><tr><td>_ga<\/td><td>O Google Analytics \u00e9 uma ferramenta de an\u00e1lise web que utiliza a informa\u00e7\u00e3o dos Cookies para analisar o n\u00famero de visitantes e visitas na Plataforma, a dura\u00e7\u00e3o m\u00e9dia da visita, o n\u00famero m\u00e9dio de p\u00e1ginas vistas por cada utilizador, relat\u00f3rios geogr\u00e1ficos, relat\u00f3rios sociodemogr\u00e1ficos (em fun\u00e7\u00e3o da l\u00edngua, localiza\u00e7\u00e3o, fornecedor de Internet, dispositivo m\u00f3vel\u2026).<\/td><td>&nbsp;Google Analytics<\/td><td>2 anos<\/td><\/tr><tr><td>_gat_<\/td><td>O Google Analytics \u00e9 uma ferramenta de an\u00e1lise web que utiliza informa\u00e7\u00e3o dos Cookies para analisar o n\u00famero de visitantes e visitas na Plataforma, a dura\u00e7\u00e3o m\u00e9dia da visita, o n\u00famero m\u00e9dio de p\u00e1ginas vistas por cada utilizador, relat\u00f3rios geogr\u00e1ficos e sociodemogr\u00e1ficos (em fun\u00e7\u00e3o da l\u00edngua, localiza\u00e7\u00e3o, fornecedor de Internet, dispositivo m\u00f3vel\u2026).<\/td><td>&nbsp;Google Analytics<\/td><td>2 anos<\/td><\/tr><\/tbody><\/table><\/figure>\n\n\n\n<h3 class=\"wp-block-heading\"><strong><em>7.<\/em> Cookies publicit\u00e1rios<\/strong><\/h3>\n\n\n\n<p>Estes s\u00e3o os Cookies que armazenam informa\u00e7\u00f5es sobre o comportamento dos utilizadores, obtidas atrav\u00e9s da observa\u00e7\u00e3o cont\u00ednua dos seus h\u00e1bitos de navega\u00e7\u00e3o, o que nos permite desenvolver um perfil espec\u00edfico para exibir publicidade em fun\u00e7\u00e3o do mesmo ou para realizar determinados tratamentos e a\u00e7\u00f5es publicit\u00e1rias. Al\u00e9m disso, atrav\u00e9s da utiliza\u00e7\u00e3o destes Cookies, poder\u00e1 receber an\u00fancios da TEKA em s\u00edtios Web de terceiros.Pode aceitar ou rejeitar a instala\u00e7\u00e3o destes Cookies.<\/p>\n\n\n\n<figure class=\"wp-block-table\"><table><tbody><tr><td><strong>Cookies publicitarias<\/strong><\/td><td><strong>Finalidad<\/strong><\/td><td><strong>Caducidad<\/strong><\/td><\/tr><tr><td><a href=\"https:\/\/www.facebook.com\/about\/basics\/advertising\">Facebook<\/a><\/td><td>Utilizamos o pixel do Facebook para identificar a sua navega\u00e7\u00e3o na Plataforma e enviar-lhe comunica\u00e7\u00f5es atrav\u00e9s da plataforma da referida rede social.<\/td><td>3 meses<\/td><\/tr><tr><td><a href=\"https:\/\/policies.google.com\/privacy?hl=en\">Google<\/a>&nbsp;(Google Tag Manager)<\/td><td>Utilizamos a plataforma do Google para gerir todos os Cookies e outras tecnologias que processam a sua informa\u00e7\u00e3o na Plataforma.<\/td><td>13 meses<\/td><\/tr><tr><td><a href=\"https:\/\/policies.google.com\/privacy?hl=en\">Google<\/a>&nbsp;(Doubleclick)<\/td><td>Utilizamos os Cookies de Doubleclick para analisar a sua navega\u00e7\u00e3o e para remeter-lhe not\u00edcias e informa\u00e7\u00f5es relevantes da TEKA.<\/td><td>13 meses<\/td><\/tr><tr><td><a href=\"https:\/\/policies.google.com\/privacy?hl=en\">Google<\/a>&nbsp;(YouTube)<\/td><td>Utilizamos os Cookies do Google para poder identificar e analisar a sua navega\u00e7\u00e3o na Plataforma.<\/td><td>3 meses<\/td><\/tr><tr><td>Amazon (ad-id, ad-privacy)<\/td><td>Utilizamos os Cookies de Amazon para poder identificar a sua navega\u00e7\u00e3o na Plataforma e enviar-lhe comunica\u00e7\u00f5es comerciais.<\/td><td>8 meses<\/td><\/tr><tr><td>Outbrain (outbrain_cid_fetch)<\/td><td>Utilizamos os Cookies da plataforma publicit\u00e1ria outbrain para comunica\u00e7\u00f5es comerciais.<\/td><td>Sess\u00e3o<\/td><\/tr><\/tbody><\/table><\/figure>\n\n\n\n<h2 class=\"wp-block-heading\"><em>8.<\/em> <strong><strong>Controlo e apagamento de Cookies<\/strong><\/strong><\/h2>\n\n\n\n<p>Com a ferramenta de configura\u00e7\u00e3o de Cookies, pode rejeitar ou aceitar Cookies que requerem o seu consentimento. Tamb\u00e9m pode bloquear e apagar Cookies, alterando as defini\u00e7\u00f5es do seu navegador. Al\u00e9m disso, para gerir os Cookies, a maioria dos navegadores permitem-lhe rejeitar ou aceitar todos os Cookies ou aceitar apenas determinados tipos de Cookies.Pode aceder ao processo de gest\u00e3o e apagamento de Cookies atrav\u00e9s da fun\u00e7\u00e3o de ajuda integrada no navegador. Se desejar limitar a utiliza\u00e7\u00e3o de Cookies, \u00e9 poss\u00edvel que n\u00e3o possa utilizar todas as funcionalidades interativas da Plataforma.Pode permitir, bloquear ou apagar os Cookies instalados no seu equipamento, configurando as op\u00e7\u00f5es do navegador instalado no seu computador:<\/p>\n\n\n\n<ul class=\"wp-block-list\">\n<li><strong>Firefox<\/strong>:&nbsp;<a href=\"https:\/\/support.mozilla.org\/es\/kb\/habilitar-y-deshabilitar-cookies-sitios-web-rastrear-preferencias?redirectlocale=es&amp;redirectslug=habilitar-y-deshabilitar-cookies-que-los-sitios-we\">https:\/\/support.mozilla.org\/es\/kb\/habilitar-y-deshabilitar-cookies-sitios-web\u2026<\/a><\/li>\n\n\n\n<li><strong>Chrome<\/strong>:&nbsp;<a href=\"https:\/\/support.google.com\/accounts\/answer\/61416?hl=es\">https:\/\/support.google.com\/accounts\/answer\/61416?hl=es<\/a><\/li>\n\n\n\n<li><strong>Explorer<\/strong>:&nbsp;<a href=\"https:\/\/support.microsoft.com\/es-es\/help\/17442\/windows-internet-explorer-dele\">https:\/\/support.microsoft.com\/es-es\/help\/17442\/windows-internet-explorer-dele<\/a><\/li>\n\n\n\n<li><strong>Safari<\/strong>:&nbsp;<a href=\"https:\/\/support.apple.com\/es-es\/guide\/safari\/sfri11471\/mac\">https:\/\/support.apple.com\/es-es\/guide\/safari\/sfri11471\/mac<\/a><\/li>\n\n\n\n<li><strong>Opera<\/strong>:&nbsp;<a href=\"https:\/\/help.opera.com\/Windows\/11.50\/es-ES\/cookies.html\">https:\/\/help.opera.com\/Windows\/11.50\/es-ES\/cookies.html<\/a><\/li>\n<\/ul>\n\n\n\n<h2 class=\"wp-block-heading\"><strong><em>9.<\/em> Notifica\u00e7\u00f5es no navegador<\/strong><\/h2>\n\n\n\n<p>Caso tenha aceitado, ao iniciar a sua navega\u00e7\u00e3o na Plataforma, receber notifica\u00e7\u00f5es atrav\u00e9s da janela emergente, a TEKA pode enviar-lhe notifica\u00e7\u00f5es emergentes sobre not\u00edcias e conte\u00fado relevante sobre o seu objeto social. Pode configurar estas notifica\u00e7\u00f5es emergentes, sejam da TEKA ou de outros s\u00edtios Web, atrav\u00e9s da configura\u00e7\u00e3o ou op\u00e7\u00f5es do seu navegador.<\/p>\n\n\n\n<h2 class=\"wp-block-heading\"><em>10.<\/em> Configura\u00e7\u00e3o de an\u00fancios em outras plataformas<\/h2>\n\n\n\n<p>\u00c0 semelhan\u00e7a dos navegadores dos computadores, os navegadores de dispositivos m\u00f3veis permitem-lhe realizar altera\u00e7\u00f5es nas op\u00e7\u00f5es ou defini\u00e7\u00f5es de privacidade para desativar ou apagar os Cookies.Se desejar modificar as op\u00e7\u00f5es de privacidade, siga as instru\u00e7\u00f5es especificadas pelo programador do seu navegador para dispositivos m\u00f3veis. A seguir, pode encontrar alguns exemplos de liga\u00e7\u00f5es que o ajudar\u00e3o a alterar as op\u00e7\u00f5es de privacidade no seu dispositivo m\u00f3vel:<\/p>\n\n\n\n<p><strong><strong><a href=\"https:\/\/support.apple.com\/es-es\/HT201265\">Safari para IOS<\/a><br><a href=\"https:\/\/support.google.com\/accounts\/answer\/32050?co=GENIE.Platform%3DAndroid&amp;hl=es&amp;oco=0\">Chrome para Android<\/a><\/strong><\/strong><\/p>\n\n\n\n<h2 class=\"wp-block-heading\"><strong><strong><em>11.<\/em> Configura\u00e7\u00e3o de an\u00fancios no Facebook<\/strong><\/strong><\/h2>\n\n\n\n<p>Ao utilizar redes sociais como o Instagram ou o Facebook e ao aceitar os seus textos legais, poder\u00e1 receber publicidade da TEKA. Para mostrar-lhes esta publicidade podemos recolher a sua informa\u00e7\u00e3o de navega\u00e7\u00e3o atrav\u00e9s do Pixel do Facebook da nossa Plataforma ou utilizar a tecnologia do Facebook para descarregar a nossa base de dados na sua plataforma, com o objetivo de personalizar a publicidade exibida (neste caso, ser\u00e3o tomadas medidas de encripta\u00e7\u00e3o-pseudonimiza\u00e7\u00e3o). Pode encontrar mais informa\u00e7\u00f5es sobre estas tecnologias, aqui.<br>Caso deseje configurar as op\u00e7\u00f5es de an\u00fancios do Facebook, pode faz\u00ea-lo:<\/p>\n\n\n\n<p>\u2022 A partir do an\u00fancio exibido, clique no canto superior direito \u201c\u2026\u201d Porque \u00e9 que estou a ver este an\u00fancio?<br>\u2022 A partir do seu perfil de utilizador selecione Configura\u00e7\u00e3o>>An\u00fancios\u00a0<\/p>\n\n\n\n<p><strong><strong>\u00daltima atualiza\u00e7\u00e3o: novembro de 2020.<\/strong><\/strong><\/p>\n","protected":false},"excerpt":{"rendered":"<p>Esta Pol\u00edtica de Cookies faz parte integrante do Aviso Legal e da Pol\u00edtica de Privacidade da p\u00e1gina Web (doravante, \u201cS\u00edtio Web\u201d) dispon\u00edvel no s\u00edtio Web alojado no endere\u00e7o de Internet&nbsp;https:\/\/www.teka.com\/pt-pt\/&nbsp;e na aplica\u00e7\u00e3o para dispositivos m\u00f3veis. Para facilitar a sua navega\u00e7\u00e3o na Plataforma, a TEKA INDUSTRIAL, S.A. (doravante, \u201cTEKA\u201c), titular do NIPC espanhol: A39004932, com sede [&hellip;]<\/p>\n","protected":false},"author":56,"featured_media":0,"parent":0,"menu_order":0,"comment_status":"closed","ping_status":"closed","template":"","meta":{"_acf_changed":false,"site-sidebar-layout":"default","site-content-layout":"default","ast-site-content-layout":"default","site-content-style":"default","site-sidebar-style":"default","ast-global-header-display":"","ast-banner-title-visibility":"","ast-main-header-display":"","ast-hfb-above-header-display":"","ast-hfb-below-header-display":"","ast-hfb-mobile-header-display":"","site-post-title":"","ast-breadcrumbs-content":"","ast-featured-img":"","footer-sml-layout":"","ast-disable-related-posts":"","theme-transparent-header-meta":"default","adv-header-id-meta":"","stick-header-meta":"default","header-above-stick-meta":"","header-main-stick-meta":"","header-below-stick-meta":"","astra-migrate-meta-layouts":"default","ast-page-background-enabled":"default","ast-page-background-meta":{"desktop":{"background-color":"","background-image":"","background-repeat":"repeat","background-position":"center center","background-size":"auto","background-attachment":"scroll","background-type":"","background-media":"","overlay-type":"","overlay-color":"","overlay-opacity":"","overlay-gradient":""},"tablet":{"background-color":"","background-image":"","background-repeat":"repeat","background-position":"center center","background-size":"auto","background-attachment":"scroll","background-type":"","background-media":"","overlay-type":"","overlay-color":"","overlay-opacity":"","overlay-gradient":""},"mobile":{"background-color":"","background-image":"","background-repeat":"repeat","background-position":"center center","background-size":"auto","background-attachment":"scroll","background-type":"","background-media":"","overlay-type":"","overlay-color":"","overlay-opacity":"","overlay-gradient":""}},"ast-content-background-meta":{"desktop":{"background-color":"var(--ast-global-color-5)","background-image":"","background-repeat":"repeat","background-position":"center center","background-size":"auto","background-attachment":"scroll","background-type":"","background-media":"","overlay-type":"","overlay-color":"","overlay-opacity":"","overlay-gradient":""},"tablet":{"background-color":"var(--ast-global-color-5)","background-image":"","background-repeat":"repeat","background-position":"center center","background-size":"auto","background-attachment":"scroll","background-type":"","background-media":"","overlay-type":"","overlay-color":"","overlay-opacity":"","overlay-gradient":""},"mobile":{"background-color":"var(--ast-global-color-5)","background-image":"","background-repeat":"repeat","background-position":"center center","background-size":"auto","background-attachment":"scroll","background-type":"","background-media":"","overlay-type":"","overlay-color":"","overlay-opacity":"","overlay-gradient":""}},"footnotes":""},"class_list":["post-9636","page","type-page","status-publish","hentry"],"acf":[],"yoast_head":"<!-- This site is optimized with the Yoast SEO plugin v27.2 - https:\/\/yoast.com\/product\/yoast-seo-wordpress\/ -->\n<title>POL\u00cdTICA DE COOKIES | Cooking Lovers<\/title>\n<meta name=\"robots\" content=\"index, follow, max-snippet:-1, max-image-preview:large, max-video-preview:-1\" \/>\n<link rel=\"canonical\" href=\"https:\/\/cookinglovers.teka.com\/pt-pt\/politica-de-cookies\/\" \/>\n<meta property=\"og:locale\" content=\"pt_PT\" \/>\n<meta property=\"og:type\" content=\"article\" \/>\n<meta property=\"og:title\" content=\"POL\u00cdTICA DE COOKIES | Cooking Lovers\" \/>\n<meta property=\"og:description\" content=\"Esta Pol\u00edtica de Cookies faz parte integrante do Aviso Legal e da Pol\u00edtica de Privacidade da p\u00e1gina Web (doravante, \u201cS\u00edtio Web\u201d) dispon\u00edvel no s\u00edtio Web alojado no endere\u00e7o de Internet&nbsp;https:\/\/www.teka.com\/pt-pt\/&nbsp;e na aplica\u00e7\u00e3o para dispositivos m\u00f3veis. Para facilitar a sua navega\u00e7\u00e3o na Plataforma, a TEKA INDUSTRIAL, S.A. (doravante, \u201cTEKA\u201c), titular do NIPC espanhol: A39004932, com sede [&hellip;]\" \/>\n<meta property=\"og:url\" content=\"https:\/\/cookinglovers.teka.com\/pt-pt\/politica-de-cookies\/\" \/>\n<meta property=\"og:site_name\" content=\"Cooking Lovers\" \/>\n<meta property=\"article:modified_time\" content=\"2022-12-30T22:29:29+00:00\" \/>\n<meta name=\"twitter:card\" content=\"summary_large_image\" \/>\n<meta name=\"twitter:label1\" content=\"Tempo estimado de leitura\" \/>\n\t<meta name=\"twitter:data1\" content=\"7 minutos\" \/>\n<script type=\"application\/ld+json\" class=\"yoast-schema-graph\">{\"@context\":\"https:\/\/schema.org\",\"@graph\":[{\"@type\":\"WebPage\",\"@id\":\"https:\/\/cookinglovers.teka.com\/pt-pt\/politica-de-cookies\/\",\"url\":\"https:\/\/cookinglovers.teka.com\/pt-pt\/politica-de-cookies\/\",\"name\":\"POL\u00cdTICA DE COOKIES | Cooking Lovers\",\"isPartOf\":{\"@id\":\"https:\/\/cookinglovers.teka.com\/es\/#website\"},\"datePublished\":\"2022-12-19T12:09:18+00:00\",\"dateModified\":\"2022-12-30T22:29:29+00:00\",\"breadcrumb\":{\"@id\":\"https:\/\/cookinglovers.teka.com\/pt-pt\/politica-de-cookies\/#breadcrumb\"},\"inLanguage\":\"pt-PT\",\"potentialAction\":[{\"@type\":\"ReadAction\",\"target\":[\"https:\/\/cookinglovers.teka.com\/pt-pt\/politica-de-cookies\/\"]}]},{\"@type\":\"BreadcrumbList\",\"@id\":\"https:\/\/cookinglovers.teka.com\/pt-pt\/politica-de-cookies\/#breadcrumb\",\"itemListElement\":[{\"@type\":\"ListItem\",\"position\":1,\"name\":\"Portada\",\"item\":\"https:\/\/cookinglovers.teka.com\/pt-pt\/\"},{\"@type\":\"ListItem\",\"position\":2,\"name\":\"POL\u00cdTICA DE COOKIES\"}]},{\"@type\":\"WebSite\",\"@id\":\"https:\/\/cookinglovers.teka.com\/es\/#website\",\"url\":\"https:\/\/cookinglovers.teka.com\/es\/\",\"name\":\"Cooking Lovers\",\"description\":\"\",\"publisher\":{\"@id\":\"https:\/\/cookinglovers.teka.com\/es\/#organization\"},\"potentialAction\":[{\"@type\":\"SearchAction\",\"target\":{\"@type\":\"EntryPoint\",\"urlTemplate\":\"https:\/\/cookinglovers.teka.com\/es\/?s={search_term_string}\"},\"query-input\":{\"@type\":\"PropertyValueSpecification\",\"valueRequired\":true,\"valueName\":\"search_term_string\"}}],\"inLanguage\":\"pt-PT\"},{\"@type\":\"Organization\",\"@id\":\"https:\/\/cookinglovers.teka.com\/es\/#organization\",\"name\":\"Cooking Lovers\",\"url\":\"https:\/\/cookinglovers.teka.com\/es\/\",\"logo\":{\"@type\":\"ImageObject\",\"inLanguage\":\"pt-PT\",\"@id\":\"https:\/\/cookinglovers.teka.com\/es\/#\/schema\/logo\/image\/\",\"url\":\"https:\/\/cookinglovers.teka.com\/wp-content\/uploads\/2021\/05\/teka-cookinglovers.svg\",\"contentUrl\":\"https:\/\/cookinglovers.teka.com\/wp-content\/uploads\/2021\/05\/teka-cookinglovers.svg\",\"caption\":\"Cooking Lovers\"},\"image\":{\"@id\":\"https:\/\/cookinglovers.teka.com\/es\/#\/schema\/logo\/image\/\"}}]}<\/script>\n<!-- \/ Yoast SEO plugin. -->","yoast_head_json":{"title":"POL\u00cdTICA DE COOKIES | Cooking Lovers","robots":{"index":"index","follow":"follow","max-snippet":"max-snippet:-1","max-image-preview":"max-image-preview:large","max-video-preview":"max-video-preview:-1"},"canonical":"https:\/\/cookinglovers.teka.com\/pt-pt\/politica-de-cookies\/","og_locale":"pt_PT","og_type":"article","og_title":"POL\u00cdTICA DE COOKIES | Cooking Lovers","og_description":"Esta Pol\u00edtica de Cookies faz parte integrante do Aviso Legal e da Pol\u00edtica de Privacidade da p\u00e1gina Web (doravante, \u201cS\u00edtio Web\u201d) dispon\u00edvel no s\u00edtio Web alojado no endere\u00e7o de Internet&nbsp;https:\/\/www.teka.com\/pt-pt\/&nbsp;e na aplica\u00e7\u00e3o para dispositivos m\u00f3veis. Para facilitar a sua navega\u00e7\u00e3o na Plataforma, a TEKA INDUSTRIAL, S.A. (doravante, \u201cTEKA\u201c), titular do NIPC espanhol: A39004932, com sede [&hellip;]","og_url":"https:\/\/cookinglovers.teka.com\/pt-pt\/politica-de-cookies\/","og_site_name":"Cooking Lovers","article_modified_time":"2022-12-30T22:29:29+00:00","twitter_card":"summary_large_image","twitter_misc":{"Tempo estimado de leitura":"7 minutos"},"schema":{"@context":"https:\/\/schema.org","@graph":[{"@type":"WebPage","@id":"https:\/\/cookinglovers.teka.com\/pt-pt\/politica-de-cookies\/","url":"https:\/\/cookinglovers.teka.com\/pt-pt\/politica-de-cookies\/","name":"POL\u00cdTICA DE COOKIES | Cooking Lovers","isPartOf":{"@id":"https:\/\/cookinglovers.teka.com\/es\/#website"},"datePublished":"2022-12-19T12:09:18+00:00","dateModified":"2022-12-30T22:29:29+00:00","breadcrumb":{"@id":"https:\/\/cookinglovers.teka.com\/pt-pt\/politica-de-cookies\/#breadcrumb"},"inLanguage":"pt-PT","potentialAction":[{"@type":"ReadAction","target":["https:\/\/cookinglovers.teka.com\/pt-pt\/politica-de-cookies\/"]}]},{"@type":"BreadcrumbList","@id":"https:\/\/cookinglovers.teka.com\/pt-pt\/politica-de-cookies\/#breadcrumb","itemListElement":[{"@type":"ListItem","position":1,"name":"Portada","item":"https:\/\/cookinglovers.teka.com\/pt-pt\/"},{"@type":"ListItem","position":2,"name":"POL\u00cdTICA DE COOKIES"}]},{"@type":"WebSite","@id":"https:\/\/cookinglovers.teka.com\/es\/#website","url":"https:\/\/cookinglovers.teka.com\/es\/","name":"Cooking Lovers","description":"","publisher":{"@id":"https:\/\/cookinglovers.teka.com\/es\/#organization"},"potentialAction":[{"@type":"SearchAction","target":{"@type":"EntryPoint","urlTemplate":"https:\/\/cookinglovers.teka.com\/es\/?s={search_term_string}"},"query-input":{"@type":"PropertyValueSpecification","valueRequired":true,"valueName":"search_term_string"}}],"inLanguage":"pt-PT"},{"@type":"Organization","@id":"https:\/\/cookinglovers.teka.com\/es\/#organization","name":"Cooking Lovers","url":"https:\/\/cookinglovers.teka.com\/es\/","logo":{"@type":"ImageObject","inLanguage":"pt-PT","@id":"https:\/\/cookinglovers.teka.com\/es\/#\/schema\/logo\/image\/","url":"https:\/\/cookinglovers.teka.com\/wp-content\/uploads\/2021\/05\/teka-cookinglovers.svg","contentUrl":"https:\/\/cookinglovers.teka.com\/wp-content\/uploads\/2021\/05\/teka-cookinglovers.svg","caption":"Cooking Lovers"},"image":{"@id":"https:\/\/cookinglovers.teka.com\/es\/#\/schema\/logo\/image\/"}}]}},"_links":{"self":[{"href":"https:\/\/cookinglovers.teka.com\/pt-pt\/wp-json\/wp\/v2\/pages\/9636","targetHints":{"allow":["GET"]}}],"collection":[{"href":"https:\/\/cookinglovers.teka.com\/pt-pt\/wp-json\/wp\/v2\/pages"}],"about":[{"href":"https:\/\/cookinglovers.teka.com\/pt-pt\/wp-json\/wp\/v2\/types\/page"}],"author":[{"embeddable":true,"href":"https:\/\/cookinglovers.teka.com\/pt-pt\/wp-json\/wp\/v2\/users\/56"}],"replies":[{"embeddable":true,"href":"https:\/\/cookinglovers.teka.com\/pt-pt\/wp-json\/wp\/v2\/comments?post=9636"}],"version-history":[{"count":4,"href":"https:\/\/cookinglovers.teka.com\/pt-pt\/wp-json\/wp\/v2\/pages\/9636\/revisions"}],"predecessor-version":[{"id":9829,"href":"https:\/\/cookinglovers.teka.com\/pt-pt\/wp-json\/wp\/v2\/pages\/9636\/revisions\/9829"}],"wp:attachment":[{"href":"https:\/\/cookinglovers.teka.com\/pt-pt\/wp-json\/wp\/v2\/media?parent=9636"}],"curies":[{"name":"wp","href":"https:\/\/api.w.org\/{rel}","templated":true}]}}