{"id":9633,"date":"2022-12-19T13:09:16","date_gmt":"2022-12-19T12:09:16","guid":{"rendered":"https:\/\/cookinglovers.teka.com\/?page_id=9633"},"modified":"2023-01-06T18:20:30","modified_gmt":"2023-01-06T17:20:30","slug":"colecoes","status":"publish","type":"page","link":"https:\/\/cookinglovers.teka.com\/pt-pt\/colecoes\/","title":{"rendered":"Cole\u00e7\u00f5es"},"content":{"rendered":"","protected":false},"excerpt":{"rendered":"","protected":false},"author":56,"featured_media":0,"parent":0,"menu_order":0,"comment_status":"closed","ping_status":"closed","template":"tp-collections.php","meta":{"_acf_changed":false,"site-sidebar-layout":"default","site-content-layout":"default","ast-site-content-layout":"default","site-content-style":"default","site-sidebar-style":"default","ast-global-header-display":"","ast-banner-title-visibility":"","ast-main-header-display":"","ast-hfb-above-header-display":"","ast-hfb-below-header-display":"","ast-hfb-mobile-header-display":"","site-post-title":"","ast-breadcrumbs-content":"","ast-featured-img":"","footer-sml-layout":"","ast-disable-related-posts":"","theme-transparent-header-meta":"default","adv-header-id-meta":"","stick-header-meta":"default","header-above-stick-meta":"","header-main-stick-meta":"","header-below-stick-meta":"","astra-migrate-meta-layouts":"default","ast-page-background-enabled":"default","ast-page-background-meta":{"desktop":{"background-color":"","background-image":"","background-repeat":"repeat","background-position":"center center","background-size":"auto","background-attachment":"scroll","background-type":"","background-media":"","overlay-type":"","overlay-color":"","overlay-opacity":"","overlay-gradient":""},"tablet":{"background-color":"","background-image":"","background-repeat":"repeat","background-position":"center center","background-size":"auto","background-attachment":"scroll","background-type":"","background-media":"","overlay-type":"","overlay-color":"","overlay-opacity":"","overlay-gradient":""},"mobile":{"background-color":"","background-image":"","background-repeat":"repeat","background-position":"center center","background-size":"auto","background-attachment":"scroll","background-type":"","background-media":"","overlay-type":"","overlay-color":"","overlay-opacity":"","overlay-gradient":""}},"ast-content-background-meta":{"desktop":{"background-color":"var(--ast-global-color-5)","background-image":"","background-repeat":"repeat","background-position":"center center","background-size":"auto","background-attachment":"scroll","background-type":"","background-media":"","overlay-type":"","overlay-color":"","overlay-opacity":"","overlay-gradient":""},"tablet":{"background-color":"var(--ast-global-color-5)","background-image":"","background-repeat":"repeat","background-position":"center center","background-size":"auto","background-attachment":"scroll","background-type":"","background-media":"","overlay-type":"","overlay-color":"","overlay-opacity":"","overlay-gradient":""},"mobile":{"background-color":"var(--ast-global-color-5)","background-image":"","background-repeat":"repeat","background-position":"center center","background-size":"auto","background-attachment":"scroll","background-type":"","background-media":"","overlay-type":"","overlay-color":"","overlay-opacity":"","overlay-gradient":""}},"footnotes":""},"class_list":["post-9633","page","type-page","status-publish","hentry"],"acf":[],"yoast_head":"<!-- This site is optimized with the Yoast SEO plugin v27.2 - https:\/\/yoast.com\/product\/yoast-seo-wordpress\/ -->\n<title>Cole\u00e7\u00f5es | Cooking Lovers<\/title>\n<meta name=\"description\" content=\"Veja aqui as suas receitas preferidas organizadas por cole\u00e7\u00f5es para que seja simples e f\u00e1cil encontrar o que mais gosta!\" \/>\n<meta name=\"robots\" content=\"index, follow, max-snippet:-1, max-image-preview:large, max-video-preview:-1\" \/>\n<link rel=\"canonical\" href=\"https:\/\/cookinglovers.teka.com\/pt-pt\/colecoes\/\" \/>\n<meta property=\"og:locale\" content=\"pt_PT\" \/>\n<meta property=\"og:type\" content=\"article\" \/>\n<meta property=\"og:title\" content=\"Cole\u00e7\u00f5es | Cooking Lovers\" \/>\n<meta property=\"og:description\" content=\"Veja aqui as suas receitas preferidas organizadas por cole\u00e7\u00f5es para que seja simples e f\u00e1cil encontrar o que mais gosta!\" \/>\n<meta property=\"og:url\" content=\"https:\/\/cookinglovers.teka.com\/pt-pt\/colecoes\/\" \/>\n<meta property=\"og:site_name\" content=\"Cooking Lovers\" \/>\n<meta property=\"article:modified_time\" content=\"2023-01-06T17:20:30+00:00\" \/>\n<meta name=\"twitter:card\" content=\"summary_large_image\" \/>\n<script type=\"application\/ld+json\" class=\"yoast-schema-graph\">{\"@context\":\"https:\/\/schema.org\",\"@graph\":[{\"@type\":\"WebPage\",\"@id\":\"https:\/\/cookinglovers.teka.com\/pt-pt\/colecoes\/\",\"url\":\"https:\/\/cookinglovers.teka.com\/pt-pt\/colecoes\/\",\"name\":\"Cole\u00e7\u00f5es | Cooking Lovers\",\"isPartOf\":{\"@id\":\"https:\/\/cookinglovers.teka.com\/es\/#website\"},\"datePublished\":\"2022-12-19T12:09:16+00:00\",\"dateModified\":\"2023-01-06T17:20:30+00:00\",\"description\":\"Veja aqui as suas receitas preferidas organizadas por cole\u00e7\u00f5es para que seja simples e f\u00e1cil encontrar o que mais gosta!\",\"breadcrumb\":{\"@id\":\"https:\/\/cookinglovers.teka.com\/pt-pt\/colecoes\/#breadcrumb\"},\"inLanguage\":\"pt-PT\",\"potentialAction\":[{\"@type\":\"ReadAction\",\"target\":[\"https:\/\/cookinglovers.teka.com\/pt-pt\/colecoes\/\"]}]},{\"@type\":\"BreadcrumbList\",\"@id\":\"https:\/\/cookinglovers.teka.com\/pt-pt\/colecoes\/#breadcrumb\",\"itemListElement\":[{\"@type\":\"ListItem\",\"position\":1,\"name\":\"Portada\",\"item\":\"https:\/\/cookinglovers.teka.com\/pt-pt\/\"},{\"@type\":\"ListItem\",\"position\":2,\"name\":\"Cole\u00e7\u00f5es\"}]},{\"@type\":\"WebSite\",\"@id\":\"https:\/\/cookinglovers.teka.com\/es\/#website\",\"url\":\"https:\/\/cookinglovers.teka.com\/es\/\",\"name\":\"Cooking Lovers\",\"description\":\"\",\"publisher\":{\"@id\":\"https:\/\/cookinglovers.teka.com\/es\/#organization\"},\"potentialAction\":[{\"@type\":\"SearchAction\",\"target\":{\"@type\":\"EntryPoint\",\"urlTemplate\":\"https:\/\/cookinglovers.teka.com\/es\/?s={search_term_string}\"},\"query-input\":{\"@type\":\"PropertyValueSpecification\",\"valueRequired\":true,\"valueName\":\"search_term_string\"}}],\"inLanguage\":\"pt-PT\"},{\"@type\":\"Organization\",\"@id\":\"https:\/\/cookinglovers.teka.com\/es\/#organization\",\"name\":\"Cooking Lovers\",\"url\":\"https:\/\/cookinglovers.teka.com\/es\/\",\"logo\":{\"@type\":\"ImageObject\",\"inLanguage\":\"pt-PT\",\"@id\":\"https:\/\/cookinglovers.teka.com\/es\/#\/schema\/logo\/image\/\",\"url\":\"https:\/\/cookinglovers.teka.com\/wp-content\/uploads\/2021\/05\/teka-cookinglovers.svg\",\"contentUrl\":\"https:\/\/cookinglovers.teka.com\/wp-content\/uploads\/2021\/05\/teka-cookinglovers.svg\",\"caption\":\"Cooking Lovers\"},\"image\":{\"@id\":\"https:\/\/cookinglovers.teka.com\/es\/#\/schema\/logo\/image\/\"}}]}<\/script>\n<!-- \/ Yoast SEO plugin. -->","yoast_head_json":{"title":"Cole\u00e7\u00f5es | Cooking Lovers","description":"Veja aqui as suas receitas preferidas organizadas por cole\u00e7\u00f5es para que seja simples e f\u00e1cil encontrar o que mais gosta!","robots":{"index":"index","follow":"follow","max-snippet":"max-snippet:-1","max-image-preview":"max-image-preview:large","max-video-preview":"max-video-preview:-1"},"canonical":"https:\/\/cookinglovers.teka.com\/pt-pt\/colecoes\/","og_locale":"pt_PT","og_type":"article","og_title":"Cole\u00e7\u00f5es | Cooking Lovers","og_description":"Veja aqui as suas receitas preferidas organizadas por cole\u00e7\u00f5es para que seja simples e f\u00e1cil encontrar o que mais gosta!","og_url":"https:\/\/cookinglovers.teka.com\/pt-pt\/colecoes\/","og_site_name":"Cooking Lovers","article_modified_time":"2023-01-06T17:20:30+00:00","twitter_card":"summary_large_image","schema":{"@context":"https:\/\/schema.org","@graph":[{"@type":"WebPage","@id":"https:\/\/cookinglovers.teka.com\/pt-pt\/colecoes\/","url":"https:\/\/cookinglovers.teka.com\/pt-pt\/colecoes\/","name":"Cole\u00e7\u00f5es | Cooking Lovers","isPartOf":{"@id":"https:\/\/cookinglovers.teka.com\/es\/#website"},"datePublished":"2022-12-19T12:09:16+00:00","dateModified":"2023-01-06T17:20:30+00:00","description":"Veja aqui as suas receitas preferidas organizadas por cole\u00e7\u00f5es para que seja simples e f\u00e1cil encontrar o que mais gosta!","breadcrumb":{"@id":"https:\/\/cookinglovers.teka.com\/pt-pt\/colecoes\/#breadcrumb"},"inLanguage":"pt-PT","potentialAction":[{"@type":"ReadAction","target":["https:\/\/cookinglovers.teka.com\/pt-pt\/colecoes\/"]}]},{"@type":"BreadcrumbList","@id":"https:\/\/cookinglovers.teka.com\/pt-pt\/colecoes\/#breadcrumb","itemListElement":[{"@type":"ListItem","position":1,"name":"Portada","item":"https:\/\/cookinglovers.teka.com\/pt-pt\/"},{"@type":"ListItem","position":2,"name":"Cole\u00e7\u00f5es"}]},{"@type":"WebSite","@id":"https:\/\/cookinglovers.teka.com\/es\/#website","url":"https:\/\/cookinglovers.teka.com\/es\/","name":"Cooking Lovers","description":"","publisher":{"@id":"https:\/\/cookinglovers.teka.com\/es\/#organization"},"potentialAction":[{"@type":"SearchAction","target":{"@type":"EntryPoint","urlTemplate":"https:\/\/cookinglovers.teka.com\/es\/?s={search_term_string}"},"query-input":{"@type":"PropertyValueSpecification","valueRequired":true,"valueName":"search_term_string"}}],"inLanguage":"pt-PT"},{"@type":"Organization","@id":"https:\/\/cookinglovers.teka.com\/es\/#organization","name":"Cooking Lovers","url":"https:\/\/cookinglovers.teka.com\/es\/","logo":{"@type":"ImageObject","inLanguage":"pt-PT","@id":"https:\/\/cookinglovers.teka.com\/es\/#\/schema\/logo\/image\/","url":"https:\/\/cookinglovers.teka.com\/wp-content\/uploads\/2021\/05\/teka-cookinglovers.svg","contentUrl":"https:\/\/cookinglovers.teka.com\/wp-content\/uploads\/2021\/05\/teka-cookinglovers.svg","caption":"Cooking Lovers"},"image":{"@id":"https:\/\/cookinglovers.teka.com\/es\/#\/schema\/logo\/image\/"}}]}},"_links":{"self":[{"href":"https:\/\/cookinglovers.teka.com\/pt-pt\/wp-json\/wp\/v2\/pages\/9633","targetHints":{"allow":["GET"]}}],"collection":[{"href":"https:\/\/cookinglovers.teka.com\/pt-pt\/wp-json\/wp\/v2\/pages"}],"about":[{"href":"https:\/\/cookinglovers.teka.com\/pt-pt\/wp-json\/wp\/v2\/types\/page"}],"author":[{"embeddable":true,"href":"https:\/\/cookinglovers.teka.com\/pt-pt\/wp-json\/wp\/v2\/users\/56"}],"replies":[{"embeddable":true,"href":"https:\/\/cookinglovers.teka.com\/pt-pt\/wp-json\/wp\/v2\/comments?post=9633"}],"version-history":[{"count":3,"href":"https:\/\/cookinglovers.teka.com\/pt-pt\/wp-json\/wp\/v2\/pages\/9633\/revisions"}],"predecessor-version":[{"id":9716,"href":"https:\/\/cookinglovers.teka.com\/pt-pt\/wp-json\/wp\/v2\/pages\/9633\/revisions\/9716"}],"wp:attachment":[{"href":"https:\/\/cookinglovers.teka.com\/pt-pt\/wp-json\/wp\/v2\/media?parent=9633"}],"curies":[{"name":"wp","href":"https:\/\/api.w.org\/{rel}","templated":true}]}}